{"id":1011,"date":"2024-06-08T06:06:28","date_gmt":"2024-06-08T03:06:28","guid":{"rendered":"https:\/\/themexriver.com\/wp\/fastrans\/?page_id=1011"},"modified":"2024-09-02T17:21:56","modified_gmt":"2024-09-02T14:21:56","slug":"iletisim","status":"publish","type":"page","link":"https:\/\/bengiglobal.com\/en\/iletisim\/","title":{"rendered":"\u0130leti\u015fim"},"content":{"rendered":"<div data-elementor-type=\"wp-page\" data-elementor-id=\"1011\" class=\"elementor elementor-1011\">\n\t\t\t\t\t\t<section class=\"elementor-section elementor-top-section elementor-element elementor-element-7183d02 elementor-section-full_width elementor-section-height-default elementor-section-height-default\" data-id=\"7183d02\" data-element_type=\"section\" data-e-type=\"section\">\n\t\t\t\t\t\t<div class=\"elementor-container elementor-column-gap-no\">\n\t\t\t\t\t<div class=\"elementor-column elementor-col-100 elementor-top-column elementor-element elementor-element-edae173\" data-id=\"edae173\" data-element_type=\"column\" data-e-type=\"column\">\n\t\t\t<div class=\"elementor-widget-wrap elementor-element-populated\">\n\t\t\t\t\t\t<div class=\"elementor-element elementor-element-e4acdcf elementor-widget elementor-widget-fastrance_contact_info\" data-id=\"e4acdcf\" data-element_type=\"widget\" data-e-type=\"widget\" data-widget_type=\"fastrance_contact_info.default\">\n\t\t\t\t<div class=\"elementor-widget-container\">\n\t\t\t\t\t    <section class=\"contact-info-section\">\r\n        <div class=\"auto-container\">\r\n            <div class=\"sec-title-two style-two\">\r\n                <div class=\"title\">De\u011ferli ziyaret\u00e7imiz<\/div>\r\n                <h2>\u015eikayet ve \u00f6nerilerinizi ileti\u015fim formu arac\u0131l\u0131\u011f\u0131 ile iletebilirsiniz.<\/h2>\r\n            <\/div>\r\n            <div class=\"row clearfix\">\r\n                                <!-- Contact Column -->\r\n                <div class=\"contact-column col-lg-4 col-md-6 col-sm-12\">\r\n                    <div class=\"inner-column\">\r\n                        <div class=\"upper-box\">\r\n                            <h5>Adres<\/h5>\r\n                            <div class=\"text\">Ayd\u0131nl\u0131 Sb Mah. Matras Cad. Desbas 3 No: 1 \u0130c Kap\u0131 No: 109 Tuzla\/ \u0130stanbul<\/div>\r\n                        <\/div>\r\n                        <div class=\"lower-box\">\r\n                            <a class=\"phone\" href=\"tel:+905334419083\"><span class=\"icon\"><svg aria-hidden=\"true\" class=\"e-font-icon-svg e-fas-phone-alt\" viewbox=\"0 0 512 512\" xmlns=\"http:\/\/www.w3.org\/2000\/svg\"><path d=\"M497.39 361.8l-112-48a24 24 0 0 0-28 6.9l-49.6 60.6A370.66 370.66 0 0 1 130.6 204.11l60.6-49.6a23.94 23.94 0 0 0 6.9-28l-48-112A24.16 24.16 0 0 0 122.6.61l-104 24A24 24 0 0 0 0 48c0 256.5 207.9 464 464 464a24 24 0 0 0 23.4-18.6l24-104a24.29 24.29 0 0 0-14.01-27.6z\"><\/path><\/svg><\/span>+90 533 441 90 83<\/a>\r\n                        <\/div>\r\n                    <\/div>\r\n                <\/div>\r\n                                <!-- Contact Column -->\r\n                <div class=\"contact-column col-lg-4 col-md-6 col-sm-12\">\r\n                    <div class=\"inner-column\">\r\n                        <div class=\"upper-box\">\r\n                            <h5>E-Posta<\/h5>\r\n                            <div class=\"text\">\u015eikayet ve \u00f6nerilerinizi e-posta adresimize g\u00f6nderebilirsiniz.<\/div>\r\n                        <\/div>\r\n                        <div class=\"lower-box\">\r\n                            <a class=\"phone\" href=\"mailto:support@gmail.com\"><span class=\"icon\"><svg aria-hidden=\"true\" class=\"e-font-icon-svg e-fas-envelope\" viewbox=\"0 0 512 512\" xmlns=\"http:\/\/www.w3.org\/2000\/svg\"><path d=\"M502.3 190.8c3.9-3.1 9.7-.2 9.7 4.7V400c0 26.5-21.5 48-48 48H48c-26.5 0-48-21.5-48-48V195.6c0-5 5.7-7.8 9.7-4.7 22.4 17.4 52.1 39.5 154.1 113.6 21.1 15.4 56.7 47.8 92.2 47.6 35.7.3 72-32.8 92.3-47.6 102-74.1 131.6-96.3 154-113.7zM256 320c23.2.4 56.6-29.2 73.4-41.4 132.7-96.3 142.8-104.7 173.4-128.7 5.8-4.5 9.2-11.5 9.2-18.9v-19c0-26.5-21.5-48-48-48H48C21.5 64 0 85.5 0 112v19c0 7.4 3.4 14.3 9.2 18.9 30.6 23.9 40.7 32.4 173.4 128.7 16.8 12.2 50.2 41.8 73.4 41.4z\"><\/path><\/svg><\/span>info@bengiglobal.com<\/a>\r\n                        <\/div>\r\n                    <\/div>\r\n                <\/div>\r\n                                <!-- Contact Column -->\r\n                <div class=\"contact-column col-lg-4 col-md-6 col-sm-12\">\r\n                    <div class=\"inner-column\">\r\n                        <div class=\"upper-box\">\r\n                            <h5>\u00c7al\u0131\u015fma Saatlerimiz<\/h5>\r\n                            <div class=\"text\">Hafta i\u00e7i \u00e7al\u0131\u015fma saatleri i\u00e7erisinde \u015firketimizle irtibata ge\u00e7ebilirsiniz.<\/div>\r\n                        <\/div>\r\n                        <div class=\"lower-box\">\r\n                            <a class=\"phone\" href=\"http:\/\/+MON%20-%20SAT%208.00%20-%2018.00\"><span class=\"icon\"><svg aria-hidden=\"true\" class=\"e-font-icon-svg e-far-paper-plane\" viewbox=\"0 0 512 512\" xmlns=\"http:\/\/www.w3.org\/2000\/svg\"><path d=\"M440 6.5L24 246.4c-34.4 19.9-31.1 70.8 5.7 85.9L144 379.6V464c0 46.4 59.2 65.5 86.6 28.6l43.8-59.1 111.9 46.2c5.9 2.4 12.1 3.6 18.3 3.6 8.2 0 16.3-2.1 23.6-6.2 12.8-7.2 21.6-20 23.9-34.5l59.4-387.2c6.1-40.1-36.9-68.8-71.5-48.9zM192 464v-64.6l36.6 15.1L192 464zm212.6-28.7l-153.8-63.5L391 169.5c10.7-15.5-9.5-33.5-23.7-21.2L155.8 332.6 48 288 464 48l-59.4 387.3z\"><\/path><\/svg><\/span>Hafta i\u00e7i: 09:00 - 18:00<\/a>\r\n                        <\/div>\r\n                    <\/div>\r\n                <\/div>\r\n                            <\/div>\r\n        <\/div>\r\n    <\/section>\r\n\t\t\t\t\t<\/div>\n\t\t\t\t<\/div>\n\t\t\t\t\t<\/div>\n\t\t<\/div>\n\t\t\t\t\t<\/div>\n\t\t<\/section>\n\t\t<div class=\"elementor-element elementor-element-5c574f3 e-grid e-con-boxed e-con e-parent\" data-id=\"5c574f3\" data-element_type=\"container\" data-e-type=\"container\">\n\t\t\t\t\t<div class=\"e-con-inner\">\n\t\t\t\t<div class=\"elementor-element elementor-element-61926d7 elementor-widget elementor-widget-sidebar\" data-id=\"61926d7\" data-element_type=\"widget\" data-e-type=\"widget\" data-widget_type=\"sidebar.default\">\n\t\t\t\t<div class=\"elementor-widget-container\">\n\t\t\t\t\t<div id=\"fastrans_support_form-2\" class=\"sidebar-nav ul-li widget_fastrans_support_form\">      \t\t\n\t\t\t<div class=\"ft-service-sidebar-widget headline ul-li-block\">\n                <div class=\"service-form-widget\">\n                    <h3 class=\"widget-title text-uppercase\">\u0130leti\u015fim Formu<\/h3>                                        \n<div class=\"wpcf7 no-js\" id=\"wpcf7-f514-o1\" lang=\"en-US\" dir=\"ltr\" data-wpcf7-id=\"514\">\n<div class=\"screen-reader-response\"><p role=\"status\" aria-live=\"polite\" aria-atomic=\"true\"><\/p> <ul><\/ul><\/div>\n<form action=\"\/en\/wp-json\/wp\/v2\/pages\/1011#wpcf7-f514-o1\" method=\"post\" class=\"wpcf7-form init\" aria-label=\"Contact form\" novalidate=\"novalidate\" data-status=\"init\" data-trp-original-action=\"\/en\/wp-json\/wp\/v2\/pages\/1011#wpcf7-f514-o1\">\n<fieldset class=\"hidden-fields-container\"><input type=\"hidden\" name=\"_wpcf7\" value=\"514\" \/><input type=\"hidden\" name=\"_wpcf7_version\" value=\"6.1.5\" \/><input type=\"hidden\" name=\"_wpcf7_locale\" value=\"en_US\" \/><input type=\"hidden\" name=\"_wpcf7_unit_tag\" value=\"wpcf7-f514-o1\" \/><input type=\"hidden\" name=\"_wpcf7_container_post\" value=\"0\" \/><input type=\"hidden\" name=\"_wpcf7_posted_data_hash\" value=\"\" \/>\n<\/fieldset>\n<p><span class=\"wpcf7-form-control-wrap\" data-name=\"text-256\"><input size=\"40\" maxlength=\"400\" class=\"wpcf7-form-control wpcf7-text wpcf7-validates-as-required\" aria-required=\"true\" aria-invalid=\"false\" placeholder=\"\u0130sim\" value=\"\" type=\"text\" name=\"text-256\" \/><\/span><br \/>\n<span class=\"wpcf7-form-control-wrap\" data-name=\"email-466\"><input size=\"40\" maxlength=\"400\" class=\"wpcf7-form-control wpcf7-email wpcf7-validates-as-required wpcf7-text wpcf7-validates-as-email\" aria-required=\"true\" aria-invalid=\"false\" placeholder=\"E-Posta\" value=\"\" type=\"email\" name=\"email-466\" \/><\/span><br \/>\n<span class=\"wpcf7-form-control-wrap\" data-name=\"textarea-867\"><textarea cols=\"40\" rows=\"10\" maxlength=\"2000\" class=\"wpcf7-form-control wpcf7-textarea\" aria-invalid=\"false\" placeholder=\"Konu\" name=\"textarea-867\"><\/textarea><\/span><br \/>\n<button>G\u00d6NDER<\/button>\n<\/p><div class=\"wpcf7-response-output\" aria-hidden=\"true\"><\/div>\n<input type=\"hidden\" name=\"trp-form-language\" value=\"en\"\/><\/form>\n<\/div>\n                <\/div>\n            <\/div>\n              \n        <\/div>\t\t\t\t<\/div>\n\t\t\t\t<\/div>\n\t\t\t\t<div class=\"elementor-element elementor-element-7d7db63 elementor-widget elementor-widget-text-editor\" data-id=\"7d7db63\" data-element_type=\"widget\" data-e-type=\"widget\" data-widget_type=\"text-editor.default\">\n\t\t\t\t<div class=\"elementor-widget-container\">\n\t\t\t\t\t\t\t\t\t<iframe style=\"border: 0;\" src=\"https:\/\/www.google.com\/maps\/embed?pb=!1m14!1m12!1m3!1d6033.860363041882!2d29.367818734502283!3d40.87340638278959!2m3!1f0!2f0!3f0!3m2!1i1024!2i768!4f13.1!5e0!3m2!1str!2str!4v1719535141472!5m2!1str!2str\" width=\"100%\" height=\"485\" allowfullscreen=\"allowfullscreen\"><\/iframe>\t\t\t\t\t\t\t\t<\/div>\n\t\t\t\t<\/div>\n\t\t\t\t\t<\/div>\n\t\t\t\t<\/div>\n\t\t<div class=\"elementor-element elementor-element-23df9b4 e-flex e-con-boxed e-con e-parent\" data-id=\"23df9b4\" data-element_type=\"container\" data-e-type=\"container\">\n\t\t\t\t\t<div class=\"e-con-inner\">\n\t\t\t\t<div class=\"elementor-element elementor-element-5c7085b elementor-widget elementor-widget-spacer\" data-id=\"5c7085b\" data-element_type=\"widget\" data-e-type=\"widget\" data-widget_type=\"spacer.default\">\n\t\t\t\t<div class=\"elementor-widget-container\">\n\t\t\t\t\t\t\t<div class=\"elementor-spacer\">\n\t\t\t<div class=\"elementor-spacer-inner\"><\/div>\n\t\t<\/div>\n\t\t\t\t\t\t<\/div>\n\t\t\t\t<\/div>\n\t\t\t\t\t<\/div>\n\t\t\t\t<\/div>\n\t\t\t\t<\/div>","protected":false},"excerpt":{"rendered":"<p>De\u011ferli ziyaret\u00e7imiz \u015eikayet ve \u00f6nerilerinizi ileti\u015fim formu arac\u0131l\u0131\u011f\u0131 ile iletebilirsiniz. Adres Ayd\u0131nl\u0131 Sb Mah. Matras Cad. Desbas 3 No: 1 \u0130c Kap\u0131 No: 109 Tuzla\/ \u0130stanbul +90 533 441 90 83 E-Posta \u015eikayet ve \u00f6nerilerinizi e-posta adresimize g\u00f6nderebilirsiniz. info@bengiglobal.com \u00c7al\u0131\u015fma Saatlerimiz Hafta i\u00e7i \u00e7al\u0131\u015fma saatleri i\u00e7erisinde \u015firketimizle irtibata ge\u00e7ebilirsiniz. Hafta i\u00e7i: 09:00 &#8211; 18:00<\/p>","protected":false},"author":1,"featured_media":0,"parent":0,"menu_order":0,"comment_status":"closed","ping_status":"closed","template":"tpl-default-elementor.php","meta":{"footnotes":""},"class_list":["post-1011","page","type-page","status-publish","hentry"],"_links":{"self":[{"href":"https:\/\/bengiglobal.com\/en\/wp-json\/wp\/v2\/pages\/1011","targetHints":{"allow":["GET"]}}],"collection":[{"href":"https:\/\/bengiglobal.com\/en\/wp-json\/wp\/v2\/pages"}],"about":[{"href":"https:\/\/bengiglobal.com\/en\/wp-json\/wp\/v2\/types\/page"}],"author":[{"embeddable":true,"href":"https:\/\/bengiglobal.com\/en\/wp-json\/wp\/v2\/users\/1"}],"replies":[{"embeddable":true,"href":"https:\/\/bengiglobal.com\/en\/wp-json\/wp\/v2\/comments?post=1011"}],"version-history":[{"count":71,"href":"https:\/\/bengiglobal.com\/en\/wp-json\/wp\/v2\/pages\/1011\/revisions"}],"predecessor-version":[{"id":3621,"href":"https:\/\/bengiglobal.com\/en\/wp-json\/wp\/v2\/pages\/1011\/revisions\/3621"}],"wp:attachment":[{"href":"https:\/\/bengiglobal.com\/en\/wp-json\/wp\/v2\/media?parent=1011"}],"curies":[{"name":"wp","href":"https:\/\/api.w.org\/{rel}","templated":true}]}}