{"id":430,"date":"2024-06-04T08:22:44","date_gmt":"2024-06-04T05:22:44","guid":{"rendered":"https:\/\/themexriver.com\/wp\/fastrans\/?page_id=430"},"modified":"2024-07-01T23:39:02","modified_gmt":"2024-07-01T20:39:02","slug":"hakkimizda","status":"publish","type":"page","link":"https:\/\/bengiglobal.com\/en\/hakkimizda\/","title":{"rendered":"Hakk\u0131m\u0131zda"},"content":{"rendered":"<div data-elementor-type=\"wp-page\" data-elementor-id=\"430\" class=\"elementor elementor-430\">\n\t\t\t\t\t\t<section class=\"elementor-section elementor-top-section elementor-element elementor-element-ae0fa73 elementor-section-full_width elementor-section-stretched elementor-section-height-default elementor-section-height-default\" data-id=\"ae0fa73\" data-element_type=\"section\" data-e-type=\"section\" data-settings=\"{&quot;stretch_section&quot;:&quot;section-stretched&quot;,&quot;background_background&quot;:&quot;classic&quot;}\">\n\t\t\t\t\t\t<div class=\"elementor-container elementor-column-gap-default\">\n\t\t\t\t\t<div class=\"elementor-column elementor-col-100 elementor-top-column elementor-element elementor-element-80bec90\" data-id=\"80bec90\" data-element_type=\"column\" data-e-type=\"column\">\n\t\t\t<div class=\"elementor-widget-wrap elementor-element-populated\">\n\t\t\t\t\t\t<div class=\"elementor-element elementor-element-26b71e1 elementor-widget elementor-widget-fastrans_about_us_v3\" data-id=\"26b71e1\" data-element_type=\"widget\" data-e-type=\"widget\" data-widget_type=\"fastrans_about_us_v3.default\">\n\t\t\t\t<div class=\"elementor-widget-container\">\n\t\t\t\t\t\t\n    <!-- Start of About section\n\t============================================= -->\n\t<section id=\"ft-about-2\" class=\"ft-about-section-2\">\n\t\t<div class=\"container\">\n\t\t\t<div class=\"ft-about-content-2\">\n\t\t\t\t<div class=\"row\">\n\t\t\t\t\t<div class=\"col-lg-6\">\n\t\t\t\t\t\t<div class=\"ft-about-text-wrapper-2\">\n\t\t\t\t\t\t\t                            <div class=\"ft-section-title-2 headline pera-content\">\n\t\t\t\t\t\t\t\t\t\t\t\t\t\t\t\t<h2>K\u00fcresel ticaret pazar\u0131nda sayg\u0131n <br>ve <span>g\u00fcvenilir <\/span>bir marka olduk\n<\/h2>\t\t\t\t\t\t\t\t<p>Bengi Global, toptan ticaret sekt\u00f6r\u00fcnde, \u00e7e\u015fitli mallar\u0131n di\u011fer \u00fclkelere ithalat\u0131 ve ihracat\u0131 konusunda uzmanla\u015fm\u0131\u015f bir \u015firkettir. Kapsaml\u0131 deneyimimiz ve uzmanl\u0131\u011f\u0131m\u0131zla kendimizi, d\u00fcnya \u00e7ap\u0131ndaki m\u00fc\u015fterilere hizmet veren, toplu \u00fcr\u00fcnler i\u00e7in g\u00fcvenilir bir kaynak olarak belirledik.\n<br><\/br>\nBengi Global, toptan ticaret pazar\u0131nda k\u00fcresel bir g\u00fc\u00e7 merkezi haline geldi. \u015eirketimiz uluslararas\u0131 i\u015f tutkusundan ve ticaret yoluyla co\u011frafi engelleri a\u015fma vizyonundan do\u011fmu\u015ftur. Bug\u00fcn kalite, g\u00fcvenilirlik ve verimlilikle e\u015f anlaml\u0131 hale geldik.\n<br><\/br>\nBengi Global olarak m\u00fc\u015fterilerimize en iyi \u00fcr\u00fcnleri rekabet\u00e7i fiyatlarla sunmak i\u00e7in \u00e7ok \u00e7al\u0131\u015f\u0131yoruz. M\u00fc\u015fterilerimize kaliteli \u00fcr\u00fcnleri sunabildi\u011fimizden emin olmak i\u00e7in d\u00fcnya \u00e7ap\u0131ndaki \u00fcreticiler ve tedarik\u00e7ilerle g\u00fc\u00e7l\u00fc ili\u015fkiler s\u00fcrd\u00fcr\u00fcyoruz. <\/p>                            <\/div>\n\t\t\t\t\t\t\t                            <div class=\"ft-about-feature-wrapper-2\">\n\t\t\t\t\t\t\t\t<div class=\"row\">\n\t\t\t\t\t\t\t\t\t                                    <div class=\"col-lg-6\">\n\t\t\t\t\t\t\t\t\t\t<div class=\"ft-about-feature-list-item d-flex align-items-center\">\n\t\t\t\t\t\t\t\t\t\t\t<div class=\"ft-about-feature-icon d-flex align-items-center justify-content-center\">\n\t\t\t\t\t\t\t\t\t\t\t\t<i class=\"fa fa-star\"><\/i>\n\t\t\t\t\t\t\t\t\t\t\t<\/div>\n\t\t\t\t\t\t\t\t\t\t\t<div class=\"ft-about-feature-text headline pera-content\">\n\t\t\t\t\t\t\t\t\t\t\t\t<h3>De\u011ferlere Ba\u011fl\u0131l\u0131k<\/h3>\n\t\t\t\t\t\t\t\t\t\t\t\t<p><\/p>\n\t\t\t\t\t\t\t\t\t\t\t<\/div>\n\t\t\t\t\t\t\t\t\t\t<\/div>\n\t\t\t\t\t\t\t\t\t<\/div>\n                                                                        <div class=\"col-lg-6\">\n\t\t\t\t\t\t\t\t\t\t<div class=\"ft-about-feature-list-item d-flex align-items-center\">\n\t\t\t\t\t\t\t\t\t\t\t<div class=\"ft-about-feature-icon d-flex align-items-center justify-content-center\">\n\t\t\t\t\t\t\t\t\t\t\t\t<i class=\"fa fa-calendar-check\"><\/i>\n\t\t\t\t\t\t\t\t\t\t\t<\/div>\n\t\t\t\t\t\t\t\t\t\t\t<div class=\"ft-about-feature-text headline pera-content\">\n\t\t\t\t\t\t\t\t\t\t\t\t<h3>Y\u00fcksek Kalite<\/h3>\n\t\t\t\t\t\t\t\t\t\t\t\t<p><\/p>\n\t\t\t\t\t\t\t\t\t\t\t<\/div>\n\t\t\t\t\t\t\t\t\t\t<\/div>\n\t\t\t\t\t\t\t\t\t<\/div>\n                                    \t\t\t\t\t\t\t\t<\/div>\n                                \t\t\t\t\t\t\t<\/div>\n\t\t\t\t\t\t<\/div>\n\t\t\t\t\t<\/div>\n\t\t\t\t\t                    <div class=\"col-lg-6\">\n\t\t\t\t\t\t<div class=\"ft-about-img-2-wrapper position-relative\">\n\t\t\t\t\t\t\t<span class=\"ft-about-shape1 position-absolute\"><img decoding=\"async\" src=\"https:\/\/bengiglobal.com\/wp-content\/themes\/fastrans\/assets\/images\/shape\/ab-sh1.png\" alt=\"Awesome Image\"><\/span>\n\t\t\t\t\t\t\t<span class=\"ft-about-shape2 position-absolute\"><img decoding=\"async\" src=\"https:\/\/bengiglobal.com\/wp-content\/themes\/fastrans\/assets\/images\/shape\/ab-sh2.png\" alt=\"Awesome Image\"><\/span>\n\t\t\t\t\t\t\t<div class=\"ft-about-img-2\">\n\t\t\t\t\t\t\t\t<img decoding=\"async\" src=\"https:\/\/bengiglobal.com\/wp-content\/uploads\/2024\/06\/cop.jpg\" alt=\"Awesome Image\">\n\t\t\t\t\t\t\t<\/div>\n\t\t\t\t\t\t<\/div>\n\t\t\t\t\t<\/div>\n                    \t\t\t\t<\/div>\n\t\t\t<\/div>\n\t\t<\/div>\n\t<\/section>\n\t<!-- End of About section\n\t============================================= -->\n    \n    \t\t\t\t<\/div>\n\t\t\t\t<\/div>\n\t\t\t\t\t<\/div>\n\t\t<\/div>\n\t\t\t\t\t<\/div>\n\t\t<\/section>\n\t\t\t\t<section class=\"elementor-section elementor-top-section elementor-element elementor-element-179713e elementor-section-full_width elementor-section-height-default elementor-section-height-default\" data-id=\"179713e\" data-element_type=\"section\" data-e-type=\"section\">\n\t\t\t\t\t\t<div class=\"elementor-container elementor-column-gap-default\">\n\t\t\t\t\t<div class=\"elementor-column elementor-col-100 elementor-top-column elementor-element elementor-element-dab1161\" data-id=\"dab1161\" data-element_type=\"column\" data-e-type=\"column\">\n\t\t\t<div class=\"elementor-widget-wrap elementor-element-populated\">\n\t\t\t\t\t\t<div class=\"elementor-element elementor-element-dc27dc2 elementor-widget elementor-widget-fastrans_our_features_v2\" data-id=\"dc27dc2\" data-element_type=\"widget\" data-e-type=\"widget\" data-widget_type=\"fastrans_our_features_v2.default\">\n\t\t\t\t<div class=\"elementor-widget-container\">\n\t\t\t\t\t\t\t\n        <!-- Start of goodness feature section\n        ============================================= -->\n        <section id=\"ft-goodness-feature\" class=\"ft-goodness-feature-section\">\n            <div class=\"container\">\n                                <div class=\"ft-section-title-2 headline pera-content text-center\">\n                    <span class=\"sub-title\">Her alanda m\u00fckemmelli\u011fe ula\u015fmak i\u00e7in \u00e7ok \u00e7al\u0131\u015f\u0131yoruz.<\/span>                                        <p>D\u00fcnya \u00e7ap\u0131ndaki m\u00fc\u015fterilere hizmet veren, g\u00fcvenilir bir kaynak olduk.<\/p>                <\/div>\n                                <div class=\"ft-goodness-featured-content\">\n                    <div class=\"row\">\n                                                <div class=\"col-lg-4 col-md-6\">\n                            <div class=\"ft-goodness-featured-innerbox text-center\">\n                                <div class=\"ft-goodness-featured-icon d-flex align-items-center justify-content-center\">\n                                    <i class=\"fal fa-network-wired\"><\/i>\n                                <\/div>\n                                <div class=\"ft-goodness-featured-text headline pera-content\">\n                                    <h3><a href=\"\">Misyonumuz<\/a><\/h3>\n                                    <p>\u00dclkemizde ve d\u00fcnyada \u00e7\u00f6z\u00fcm orta\u011f\u0131 a\u011f\u0131n\u0131 kurmak ve t\u00fcm sekt\u00f6rlere y\u00fcksek teknoloji ula\u015ft\u0131rmakt\u0131r. <\/p>\n                                <\/div>\n                            <\/div>\n                        <\/div>\n                                                <div class=\"col-lg-4 col-md-6\">\n                            <div class=\"ft-goodness-featured-innerbox text-center\">\n                                <div class=\"ft-goodness-featured-icon d-flex align-items-center justify-content-center\">\n                                    <i class=\"fal fa-badge-sheriff\"><\/i>\n                                <\/div>\n                                <div class=\"ft-goodness-featured-text headline pera-content\">\n                                    <h3><a href=\"\">Vizyonumuz<\/a><\/h3>\n                                    <p>Kurumlar i\u00e7in geli\u015fmi\u015f bir bili\u015fim alt yap\u0131s\u0131n\u0131n olu\u015fturulmas\u0131na ve i\u015f s\u00fcre\u00e7lerinin kalitesine katk\u0131 sa\u011flamakt\u0131r. <\/p>\n                                <\/div>\n                            <\/div>\n                        <\/div>\n                                                <div class=\"col-lg-4 col-md-6\">\n                            <div class=\"ft-goodness-featured-innerbox text-center\">\n                                <div class=\"ft-goodness-featured-icon d-flex align-items-center justify-content-center\">\n                                    <i class=\"fal fa-anchor\"><\/i>\n                                <\/div>\n                                <div class=\"ft-goodness-featured-text headline pera-content\">\n                                    <h3><a href=\"\">Stratejimiz<\/a><\/h3>\n                                    <p>Uluslararas\u0131 kalite standartlar\u0131na uygun \u00fcr\u00fcnler sunmak ve m\u00fc\u015fteri taleplerine h\u0131zl\u0131 ve do\u011fru \u00e7\u00f6z\u00fcmler \u00fcretmektir. <\/p>\n                                <\/div>\n                            <\/div>\n                        <\/div>\n                                            <\/div>\n                <\/div>\n            <\/div>\n        <\/section>\n        <!-- End of goodness feature section\n        ============================================= -->\n                           \n        \t\t\t\t<\/div>\n\t\t\t\t<\/div>\n\t\t\t\t\t<\/div>\n\t\t<\/div>\n\t\t\t\t\t<\/div>\n\t\t<\/section>\n\t\t\t\t<\/div>","protected":false},"excerpt":{"rendered":"<p>K\u00fcresel ticaret pazar\u0131nda sayg\u0131n ve g\u00fcvenilir bir marka olduk Bengi Global, toptan ticaret sekt\u00f6r\u00fcnde, \u00e7e\u015fitli mallar\u0131n di\u011fer \u00fclkelere ithalat\u0131 ve ihracat\u0131 konusunda uzmanla\u015fm\u0131\u015f bir \u015firkettir. Kapsaml\u0131 deneyimimiz ve uzmanl\u0131\u011f\u0131m\u0131zla kendimizi, d\u00fcnya \u00e7ap\u0131ndaki m\u00fc\u015fterilere hizmet veren, toplu \u00fcr\u00fcnler i\u00e7in g\u00fcvenilir bir kaynak olarak belirledik. Bengi Global, toptan ticaret pazar\u0131nda k\u00fcresel bir g\u00fc\u00e7 merkezi haline geldi. \u015eirketimiz [&hellip;]<\/p>","protected":false},"author":1,"featured_media":0,"parent":0,"menu_order":0,"comment_status":"closed","ping_status":"closed","template":"tpl-default-elementor.php","meta":{"footnotes":""},"class_list":["post-430","page","type-page","status-publish","hentry"],"_links":{"self":[{"href":"https:\/\/bengiglobal.com\/en\/wp-json\/wp\/v2\/pages\/430","targetHints":{"allow":["GET"]}}],"collection":[{"href":"https:\/\/bengiglobal.com\/en\/wp-json\/wp\/v2\/pages"}],"about":[{"href":"https:\/\/bengiglobal.com\/en\/wp-json\/wp\/v2\/types\/page"}],"author":[{"embeddable":true,"href":"https:\/\/bengiglobal.com\/en\/wp-json\/wp\/v2\/users\/1"}],"replies":[{"embeddable":true,"href":"https:\/\/bengiglobal.com\/en\/wp-json\/wp\/v2\/comments?post=430"}],"version-history":[{"count":89,"href":"https:\/\/bengiglobal.com\/en\/wp-json\/wp\/v2\/pages\/430\/revisions"}],"predecessor-version":[{"id":3573,"href":"https:\/\/bengiglobal.com\/en\/wp-json\/wp\/v2\/pages\/430\/revisions\/3573"}],"wp:attachment":[{"href":"https:\/\/bengiglobal.com\/en\/wp-json\/wp\/v2\/media?parent=430"}],"curies":[{"name":"wp","href":"https:\/\/api.w.org\/{rel}","templated":true}]}}