{"id":475,"date":"2024-06-04T11:32:37","date_gmt":"2024-06-04T08:32:37","guid":{"rendered":"https:\/\/themexriver.com\/wp\/fastrans\/?page_id=475"},"modified":"2024-07-01T23:55:21","modified_gmt":"2024-07-01T20:55:21","slug":"hizmetlerimiz","status":"publish","type":"page","link":"https:\/\/bengiglobal.com\/en\/hizmetlerimiz\/","title":{"rendered":"Hizmetlerimiz"},"content":{"rendered":"<div data-elementor-type=\"wp-page\" data-elementor-id=\"475\" class=\"elementor elementor-475\">\n\t\t\t\t\t\t<section class=\"elementor-section elementor-top-section elementor-element elementor-element-0572356 elementor-section-full_width elementor-section-height-default elementor-section-height-default\" data-id=\"0572356\" data-element_type=\"section\" data-e-type=\"section\">\n\t\t\t\t\t\t<div class=\"elementor-container elementor-column-gap-default\">\n\t\t\t\t\t<div class=\"elementor-column elementor-col-100 elementor-top-column elementor-element elementor-element-7aa9e41\" data-id=\"7aa9e41\" data-element_type=\"column\" data-e-type=\"column\">\n\t\t\t<div class=\"elementor-widget-wrap elementor-element-populated\">\n\t\t\t\t\t\t<div class=\"elementor-element elementor-element-76eeac1 elementor-widget elementor-widget-fastrans_our_services_v2\" data-id=\"76eeac1\" data-element_type=\"widget\" data-e-type=\"widget\" data-widget_type=\"fastrans_our_services_v2.default\">\n\t\t\t\t<div class=\"elementor-widget-container\">\n\t\t\t\t\t\t\t\n        <!-- Start of Service page section\n        ============================================= -->\n        <section id=\"ft-service-page\" class=\"ft-service-page-section page-padding\">\n            <div class=\"container\">\n                                <div class=\"ft-section-title-2 headline pera-content text-center\">\n                                        <h2>Verdi\u011fimiz her hizmette ihtiya\u00e7lar\u0131 do\u011fru anlar, kararlar\u0131m\u0131z\u0131 buna g\u00f6re veririz.<\/h2>                <\/div>\n                                <div class=\"ft-service-page-items\">\n                    <div class=\"row\">\n                                                <div class=\"col-lg-3 col-md-6\">\n                            <div class=\"ft-service-innerbox-2 position-relative\">\n                                                                <div class=\"ft-service-img text-center\">\n                                    <img fetchpriority=\"high\" decoding=\"async\" width=\"370\" height=\"290\" src=\"https:\/\/bengiglobal.com\/wp-content\/uploads\/2021\/10\/elektronil.jpg\" class=\"attachment-fastrans_370x290 size-fastrans_370x290 wp-post-image\" alt=\"\" srcset=\"https:\/\/bengiglobal.com\/wp-content\/uploads\/2021\/10\/elektronil.jpg 370w, https:\/\/bengiglobal.com\/wp-content\/uploads\/2021\/10\/elektronil-300x235.jpg 300w\" sizes=\"(max-width: 370px) 100vw, 370px\" \/>                                <\/div>\n                                                                <div class=\"ft-service-text position-relative headline\">\n                                    <div class=\"ft-service-icon position-absolute d-flex align-items-center justify-content-center\">\n                                        <i class=\"fa fa-plug\"><\/i>\n                                    <\/div>\n                                    <h3><a href=\"https:\/\/bengiglobal.com\/en\/hizmetlerimiz\/\">Elektronik \u00dcr\u00fcnler<\/a><\/h3>\n                                    <div class=\"ft-btn-2\">\n                                        <a href=\"https:\/\/bengiglobal.com\/en\/hizmetlerimiz\/\">\n                                            <i class=\"icon-first flaticon-right-arrow\"><\/i>\n                                            <span>Read More<\/span>\n                                        <\/a>\n                                    <\/div>\n                                <\/div>\n                                <div class=\"ft-service-serial position-absolute\">\n                                     1                                <\/div>\n                            <\/div>\n                        <\/div>\n                                                <div class=\"col-lg-3 col-md-6\">\n                            <div class=\"ft-service-innerbox-2 position-relative\">\n                                                                <div class=\"ft-service-img text-center\">\n                                    <img decoding=\"async\" width=\"370\" height=\"290\" src=\"https:\/\/bengiglobal.com\/wp-content\/uploads\/2021\/10\/tibbi.jpg\" class=\"attachment-fastrans_370x290 size-fastrans_370x290 wp-post-image\" alt=\"\" srcset=\"https:\/\/bengiglobal.com\/wp-content\/uploads\/2021\/10\/tibbi.jpg 370w, https:\/\/bengiglobal.com\/wp-content\/uploads\/2021\/10\/tibbi-300x235.jpg 300w\" sizes=\"(max-width: 370px) 100vw, 370px\" \/>                                <\/div>\n                                                                <div class=\"ft-service-text position-relative headline\">\n                                    <div class=\"ft-service-icon position-absolute d-flex align-items-center justify-content-center\">\n                                        <i class=\"fa fa-clinic-medical\"><\/i>\n                                    <\/div>\n                                    <h3><a href=\"https:\/\/bengiglobal.com\/en\/hizmetlerimiz\/\">T\u0131bbi cihazlar<\/a><\/h3>\n                                    <div class=\"ft-btn-2\">\n                                        <a href=\"https:\/\/bengiglobal.com\/en\/hizmetlerimiz\/\">\n                                            <i class=\"icon-first flaticon-right-arrow\"><\/i>\n                                            <span>Read More<\/span>\n                                        <\/a>\n                                    <\/div>\n                                <\/div>\n                                <div class=\"ft-service-serial position-absolute\">\n                                     2                                <\/div>\n                            <\/div>\n                        <\/div>\n                                                <div class=\"col-lg-3 col-md-6\">\n                            <div class=\"ft-service-innerbox-2 position-relative\">\n                                                                <div class=\"ft-service-img text-center\">\n                                    <img decoding=\"async\" width=\"370\" height=\"290\" src=\"https:\/\/bengiglobal.com\/wp-content\/uploads\/2021\/10\/Endustriyel.jpg\" class=\"attachment-fastrans_370x290 size-fastrans_370x290 wp-post-image\" alt=\"\" srcset=\"https:\/\/bengiglobal.com\/wp-content\/uploads\/2021\/10\/Endustriyel.jpg 370w, https:\/\/bengiglobal.com\/wp-content\/uploads\/2021\/10\/Endustriyel-300x235.jpg 300w\" sizes=\"(max-width: 370px) 100vw, 370px\" \/>                                <\/div>\n                                                                <div class=\"ft-service-text position-relative headline\">\n                                    <div class=\"ft-service-icon position-absolute d-flex align-items-center justify-content-center\">\n                                        <i class=\"fa fa-cog\"><\/i>\n                                    <\/div>\n                                    <h3><a href=\"https:\/\/bengiglobal.com\/en\/hizmetlerimiz\/\">End\u00fcstriyel \u00dcr\u00fcnler<\/a><\/h3>\n                                    <div class=\"ft-btn-2\">\n                                        <a href=\"https:\/\/bengiglobal.com\/en\/hizmetlerimiz\/\">\n                                            <i class=\"icon-first flaticon-right-arrow\"><\/i>\n                                            <span>Read More<\/span>\n                                        <\/a>\n                                    <\/div>\n                                <\/div>\n                                <div class=\"ft-service-serial position-absolute\">\n                                     3                                <\/div>\n                            <\/div>\n                        <\/div>\n                                                <div class=\"col-lg-3 col-md-6\">\n                            <div class=\"ft-service-innerbox-2 position-relative\">\n                                                                <div class=\"ft-service-img text-center\">\n                                    <img loading=\"lazy\" decoding=\"async\" width=\"370\" height=\"290\" src=\"https:\/\/bengiglobal.com\/wp-content\/uploads\/2021\/10\/Elektronik-ev-esyalari.jpg\" class=\"attachment-fastrans_370x290 size-fastrans_370x290 wp-post-image\" alt=\"\" srcset=\"https:\/\/bengiglobal.com\/wp-content\/uploads\/2021\/10\/Elektronik-ev-esyalari.jpg 370w, https:\/\/bengiglobal.com\/wp-content\/uploads\/2021\/10\/Elektronik-ev-esyalari-300x235.jpg 300w\" sizes=\"(max-width: 370px) 100vw, 370px\" \/>                                <\/div>\n                                                                <div class=\"ft-service-text position-relative headline\">\n                                    <div class=\"ft-service-icon position-absolute d-flex align-items-center justify-content-center\">\n                                        <i class=\"fa fa-tv\"><\/i>\n                                    <\/div>\n                                    <h3><a href=\"https:\/\/bengiglobal.com\/en\/hizmetlerimiz\/\">Elektronik Ev E\u015fyalar\u0131<\/a><\/h3>\n                                    <div class=\"ft-btn-2\">\n                                        <a href=\"https:\/\/bengiglobal.com\/en\/hizmetlerimiz\/\">\n                                            <i class=\"icon-first flaticon-right-arrow\"><\/i>\n                                            <span>Read More<\/span>\n                                        <\/a>\n                                    <\/div>\n                                <\/div>\n                                <div class=\"ft-service-serial position-absolute\">\n                                     4                                <\/div>\n                            <\/div>\n                        <\/div>\n                                                <div class=\"col-lg-3 col-md-6\">\n                            <div class=\"ft-service-innerbox-2 position-relative\">\n                                                                <div class=\"ft-service-img text-center\">\n                                    <img loading=\"lazy\" decoding=\"async\" width=\"370\" height=\"290\" src=\"https:\/\/bengiglobal.com\/wp-content\/uploads\/2021\/10\/ev.jpg\" class=\"attachment-fastrans_370x290 size-fastrans_370x290 wp-post-image\" alt=\"\" srcset=\"https:\/\/bengiglobal.com\/wp-content\/uploads\/2021\/10\/ev.jpg 370w, https:\/\/bengiglobal.com\/wp-content\/uploads\/2021\/10\/ev-300x235.jpg 300w\" sizes=\"(max-width: 370px) 100vw, 370px\" \/>                                <\/div>\n                                                                <div class=\"ft-service-text position-relative headline\">\n                                    <div class=\"ft-service-icon position-absolute d-flex align-items-center justify-content-center\">\n                                        <i class=\"fa fa-home\"><\/i>\n                                    <\/div>\n                                    <h3><a href=\"https:\/\/bengiglobal.com\/en\/hizmetlerimiz\/\">K\u00fc\u00e7\u00fck Ev Aletleri<\/a><\/h3>\n                                    <div class=\"ft-btn-2\">\n                                        <a href=\"https:\/\/bengiglobal.com\/en\/hizmetlerimiz\/\">\n                                            <i class=\"icon-first flaticon-right-arrow\"><\/i>\n                                            <span>Read More<\/span>\n                                        <\/a>\n                                    <\/div>\n                                <\/div>\n                                <div class=\"ft-service-serial position-absolute\">\n                                     5                                <\/div>\n                            <\/div>\n                        <\/div>\n                                                <div class=\"col-lg-3 col-md-6\">\n                            <div class=\"ft-service-innerbox-2 position-relative\">\n                                                                <div class=\"ft-service-img text-center\">\n                                    <img loading=\"lazy\" decoding=\"async\" width=\"370\" height=\"290\" src=\"https:\/\/bengiglobal.com\/wp-content\/uploads\/2021\/10\/bilgisayar.jpg\" class=\"attachment-fastrans_370x290 size-fastrans_370x290 wp-post-image\" alt=\"\" srcset=\"https:\/\/bengiglobal.com\/wp-content\/uploads\/2021\/10\/bilgisayar.jpg 370w, https:\/\/bengiglobal.com\/wp-content\/uploads\/2021\/10\/bilgisayar-300x235.jpg 300w\" sizes=\"(max-width: 370px) 100vw, 370px\" \/>                                <\/div>\n                                                                <div class=\"ft-service-text position-relative headline\">\n                                    <div class=\"ft-service-icon position-absolute d-flex align-items-center justify-content-center\">\n                                        <i class=\"fa fa-computer-classic\"><\/i>\n                                    <\/div>\n                                    <h3><a href=\"https:\/\/bengiglobal.com\/en\/hizmetlerimiz\/\">Bilgisayar Bile\u015fenleri<\/a><\/h3>\n                                    <div class=\"ft-btn-2\">\n                                        <a href=\"https:\/\/bengiglobal.com\/en\/hizmetlerimiz\/\">\n                                            <i class=\"icon-first flaticon-right-arrow\"><\/i>\n                                            <span>Read More<\/span>\n                                        <\/a>\n                                    <\/div>\n                                <\/div>\n                                <div class=\"ft-service-serial position-absolute\">\n                                     6                                <\/div>\n                            <\/div>\n                        <\/div>\n                                                <div class=\"col-lg-3 col-md-6\">\n                            <div class=\"ft-service-innerbox-2 position-relative\">\n                                                                <div class=\"ft-service-img text-center\">\n                                    <img loading=\"lazy\" decoding=\"async\" width=\"370\" height=\"290\" src=\"https:\/\/bengiglobal.com\/wp-content\/uploads\/2021\/10\/kirtasiye.jpg\" class=\"attachment-fastrans_370x290 size-fastrans_370x290 wp-post-image\" alt=\"\" srcset=\"https:\/\/bengiglobal.com\/wp-content\/uploads\/2021\/10\/kirtasiye.jpg 370w, https:\/\/bengiglobal.com\/wp-content\/uploads\/2021\/10\/kirtasiye-300x235.jpg 300w\" sizes=\"(max-width: 370px) 100vw, 370px\" \/>                                <\/div>\n                                                                <div class=\"ft-service-text position-relative headline\">\n                                    <div class=\"ft-service-icon position-absolute d-flex align-items-center justify-content-center\">\n                                        <i class=\"fa fa-pencil\"><\/i>\n                                    <\/div>\n                                    <h3><a href=\"https:\/\/bengiglobal.com\/en\/hizmetlerimiz\/\">K\u0131rtasiye \u00dcr\u00fcnleri<\/a><\/h3>\n                                    <div class=\"ft-btn-2\">\n                                        <a href=\"https:\/\/bengiglobal.com\/en\/hizmetlerimiz\/\">\n                                            <i class=\"icon-first flaticon-right-arrow\"><\/i>\n                                            <span>Read More<\/span>\n                                        <\/a>\n                                    <\/div>\n                                <\/div>\n                                <div class=\"ft-service-serial position-absolute\">\n                                     7                                <\/div>\n                            <\/div>\n                        <\/div>\n                                                <div class=\"col-lg-3 col-md-6\">\n                            <div class=\"ft-service-innerbox-2 position-relative\">\n                                                                <div class=\"ft-service-img text-center\">\n                                    <img loading=\"lazy\" decoding=\"async\" width=\"370\" height=\"290\" src=\"https:\/\/bengiglobal.com\/wp-content\/uploads\/2021\/10\/mobilyas.jpg\" class=\"attachment-fastrans_370x290 size-fastrans_370x290 wp-post-image\" alt=\"\" srcset=\"https:\/\/bengiglobal.com\/wp-content\/uploads\/2021\/10\/mobilyas.jpg 370w, https:\/\/bengiglobal.com\/wp-content\/uploads\/2021\/10\/mobilyas-300x235.jpg 300w\" sizes=\"(max-width: 370px) 100vw, 370px\" \/>                                <\/div>\n                                                                <div class=\"ft-service-text position-relative headline\">\n                                    <div class=\"ft-service-icon position-absolute d-flex align-items-center justify-content-center\">\n                                        <i class=\"fa fa-chair\"><\/i>\n                                    <\/div>\n                                    <h3><a href=\"https:\/\/bengiglobal.com\/en\/hizmetlerimiz\/\">Mobilya<\/a><\/h3>\n                                    <div class=\"ft-btn-2\">\n                                        <a href=\"https:\/\/bengiglobal.com\/en\/hizmetlerimiz\/\">\n                                            <i class=\"icon-first flaticon-right-arrow\"><\/i>\n                                            <span>Read More<\/span>\n                                        <\/a>\n                                    <\/div>\n                                <\/div>\n                                <div class=\"ft-service-serial position-absolute\">\n                                     8                                <\/div>\n                            <\/div>\n                        <\/div>\n                                            <\/div>\n                                    <\/div>\n            <\/div>\n        <\/section>\n    \t<!-- End of Service page section\n        ============================================= -->\n                    \n        \t\t\t\t<\/div>\n\t\t\t\t<\/div>\n\t\t\t\t\t<\/div>\n\t\t<\/div>\n\t\t\t\t\t<\/div>\n\t\t<\/section>\n\t\t\t\t<section class=\"elementor-section elementor-top-section elementor-element elementor-element-bfb9e1f elementor-section-full_width elementor-section-height-default elementor-section-height-default\" data-id=\"bfb9e1f\" data-element_type=\"section\" data-e-type=\"section\">\n\t\t\t\t\t\t<div class=\"elementor-container elementor-column-gap-default\">\n\t\t\t\t\t<div class=\"elementor-column elementor-col-100 elementor-top-column elementor-element elementor-element-1e4aa29\" data-id=\"1e4aa29\" data-element_type=\"column\" data-e-type=\"column\">\n\t\t\t<div class=\"elementor-widget-wrap\">\n\t\t\t\t\t\t\t<\/div>\n\t\t<\/div>\n\t\t\t\t\t<\/div>\n\t\t<\/section>\n\t\t\t\t<\/div>","protected":false},"excerpt":{"rendered":"<p>Verdi\u011fimiz her hizmette ihtiya\u00e7lar\u0131 do\u011fru anlar, kararlar\u0131m\u0131z\u0131 buna g\u00f6re veririz. Elektronik \u00dcr\u00fcnler Read More 1 T\u0131bbi cihazlar Read More 2 End\u00fcstriyel \u00dcr\u00fcnler Read More 3 Elektronik Ev E\u015fyalar\u0131 Read More 4 K\u00fc\u00e7\u00fck Ev Aletleri Read More 5 Bilgisayar Bile\u015fenleri Read More 6 K\u0131rtasiye \u00dcr\u00fcnleri Read More 7 Mobilya Read More 8<\/p>","protected":false},"author":1,"featured_media":0,"parent":0,"menu_order":0,"comment_status":"closed","ping_status":"closed","template":"tpl-default-elementor.php","meta":{"footnotes":""},"class_list":["post-475","page","type-page","status-publish","hentry"],"_links":{"self":[{"href":"https:\/\/bengiglobal.com\/en\/wp-json\/wp\/v2\/pages\/475","targetHints":{"allow":["GET"]}}],"collection":[{"href":"https:\/\/bengiglobal.com\/en\/wp-json\/wp\/v2\/pages"}],"about":[{"href":"https:\/\/bengiglobal.com\/en\/wp-json\/wp\/v2\/types\/page"}],"author":[{"embeddable":true,"href":"https:\/\/bengiglobal.com\/en\/wp-json\/wp\/v2\/users\/1"}],"replies":[{"embeddable":true,"href":"https:\/\/bengiglobal.com\/en\/wp-json\/wp\/v2\/comments?post=475"}],"version-history":[{"count":77,"href":"https:\/\/bengiglobal.com\/en\/wp-json\/wp\/v2\/pages\/475\/revisions"}],"predecessor-version":[{"id":3576,"href":"https:\/\/bengiglobal.com\/en\/wp-json\/wp\/v2\/pages\/475\/revisions\/3576"}],"wp:attachment":[{"href":"https:\/\/bengiglobal.com\/en\/wp-json\/wp\/v2\/media?parent=475"}],"curies":[{"name":"wp","href":"https:\/\/api.w.org\/{rel}","templated":true}]}}