{"id":1580,"date":"2021-11-17T11:30:35","date_gmt":"2021-11-17T11:30:35","guid":{"rendered":"https:\/\/themexriver.com\/fastrans-theme\/fastrans\/?post_type=product&#038;p=1580"},"modified":"2024-07-02T13:07:04","modified_gmt":"2024-07-02T10:07:04","slug":"urun2","status":"publish","type":"product","link":"https:\/\/bengiglobal.com\/en\/product\/urun2\/","title":{"rendered":"\u00dcr\u00fcn2"},"content":{"rendered":"<p><strong>Lorem Ipsum<\/strong> is simply dummy text of the printing and typesetting industry. Lorem Ipsum has been the industry&#8217;s standard dummy text ever since the 1500s, when an unknown printer took a galley of type and scrambled it to make a type specimen book.<\/p>","protected":false},"excerpt":{"rendered":"<p>Uzmanlar\u0131m\u0131zdan \u00fcr\u00fcn ve hizmetlerimiz hakk\u0131nda detayl\u0131 bilgi alabilirsiniz<\/p>","protected":false},"featured_media":3519,"template":"","meta":[],"product_brand":[],"product_cat":[15],"product_tag":[],"class_list":{"0":"post-1580","1":"product","2":"type-product","3":"status-publish","4":"has-post-thumbnail","6":"product_cat-uncategorized","8":"first","9":"outofstock","10":"virtual","11":"product-type-simple"},"_links":{"self":[{"href":"https:\/\/bengiglobal.com\/en\/wp-json\/wp\/v2\/product\/1580","targetHints":{"allow":["GET"]}}],"collection":[{"href":"https:\/\/bengiglobal.com\/en\/wp-json\/wp\/v2\/product"}],"about":[{"href":"https:\/\/bengiglobal.com\/en\/wp-json\/wp\/v2\/types\/product"}],"wp:featuredmedia":[{"embeddable":true,"href":"https:\/\/bengiglobal.com\/en\/wp-json\/wp\/v2\/media\/3519"}],"wp:attachment":[{"href":"https:\/\/bengiglobal.com\/en\/wp-json\/wp\/v2\/media?parent=1580"}],"wp:term":[{"taxonomy":"product_brand","embeddable":true,"href":"https:\/\/bengiglobal.com\/en\/wp-json\/wp\/v2\/product_brand?post=1580"},{"taxonomy":"product_cat","embeddable":true,"href":"https:\/\/bengiglobal.com\/en\/wp-json\/wp\/v2\/product_cat?post=1580"},{"taxonomy":"product_tag","embeddable":true,"href":"https:\/\/bengiglobal.com\/en\/wp-json\/wp\/v2\/product_tag?post=1580"}],"curies":[{"name":"wp","href":"https:\/\/api.w.org\/{rel}","templated":true}]}}